{"id":6061,"date":"2019-08-27T15:23:59","date_gmt":"2019-08-27T14:23:59","guid":{"rendered":"http:\/\/www.abracadavoix.org\/?page_id=6061"},"modified":"2023-06-18T20:30:04","modified_gmt":"2023-06-18T19:30:04","slug":"2019-08-stage-dete-des-falbalas-a-marcilhac-sur-cele-lot","status":"publish","type":"page","link":"http:\/\/www.abracadavoix.org\/?page_id=6061","title":{"rendered":"2019-08- Stage d&rsquo;\u00e9t\u00e9 des Falbalas \u00e0 Marcilhac sur C\u00e9l\u00e9 (Lot)"},"content":{"rendered":"<p>Technique corporelle et vocale, rythme, \u00e9coute, travail des r\u00e9pertoires, th\u00e9\u00e2tre et interpr\u00e9tation<\/p>\n<div id='gallery-1' class='gallery galleryid-6061 gallery-columns-4 gallery-size-thumbnail'><dl class='gallery-item'>\n\t\t\t<dt class='gallery-icon landscape'>\n\t\t\t\t<a href='http:\/\/www.abracadavoix.org\/?attachment_id=6437'><img loading=\"lazy\" decoding=\"async\" width=\"150\" height=\"150\" src=\"http:\/\/www.abracadavoix.org\/wp-content\/uploads\/2019\/08\/DSC04660-150x150.jpg\" class=\"attachment-thumbnail size-thumbnail\" alt=\"\" \/><\/a>\n\t\t\t<\/dt><\/dl><dl class='gallery-item'>\n\t\t\t<dt class='gallery-icon landscape'>\n\t\t\t\t<a href='http:\/\/www.abracadavoix.org\/?attachment_id=6436'><img loading=\"lazy\" decoding=\"async\" width=\"150\" height=\"150\" src=\"http:\/\/www.abracadavoix.org\/wp-content\/uploads\/2019\/08\/DSC04669-1-150x150.jpg\" class=\"attachment-thumbnail size-thumbnail\" alt=\"\" \/><\/a>\n\t\t\t<\/dt><\/dl><dl class='gallery-item'>\n\t\t\t<dt class='gallery-icon landscape'>\n\t\t\t\t<a href='http:\/\/www.abracadavoix.org\/?attachment_id=6435'><img loading=\"lazy\" decoding=\"async\" width=\"150\" height=\"150\" src=\"http:\/\/www.abracadavoix.org\/wp-content\/uploads\/2019\/08\/DSC04675-150x150.jpg\" class=\"attachment-thumbnail size-thumbnail\" alt=\"\" \/><\/a>\n\t\t\t<\/dt><\/dl><dl class='gallery-item'>\n\t\t\t<dt class='gallery-icon landscape'>\n\t\t\t\t<a href='http:\/\/www.abracadavoix.org\/?attachment_id=6432'><img loading=\"lazy\" decoding=\"async\" width=\"150\" height=\"150\" src=\"http:\/\/www.abracadavoix.org\/wp-content\/uploads\/2019\/08\/DSC04735-150x150.jpg\" class=\"attachment-thumbnail size-thumbnail\" alt=\"\" \/><\/a>\n\t\t\t<\/dt><\/dl><br style=\"clear: both\" \/><dl class='gallery-item'>\n\t\t\t<dt class='gallery-icon landscape'>\n\t\t\t\t<a href='http:\/\/www.abracadavoix.org\/?attachment_id=6431'><img loading=\"lazy\" decoding=\"async\" width=\"150\" height=\"150\" src=\"http:\/\/www.abracadavoix.org\/wp-content\/uploads\/2019\/08\/DSC04749-150x150.jpg\" class=\"attachment-thumbnail size-thumbnail\" alt=\"\" \/><\/a>\n\t\t\t<\/dt><\/dl><dl class='gallery-item'>\n\t\t\t<dt class='gallery-icon landscape'>\n\t\t\t\t<a href='http:\/\/www.abracadavoix.org\/?attachment_id=6430'><img loading=\"lazy\" decoding=\"async\" width=\"150\" height=\"150\" src=\"http:\/\/www.abracadavoix.org\/wp-content\/uploads\/2019\/08\/DSC04776-150x150.jpg\" class=\"attachment-thumbnail size-thumbnail\" alt=\"\" \/><\/a>\n\t\t\t<\/dt><\/dl><dl class='gallery-item'>\n\t\t\t<dt class='gallery-icon landscape'>\n\t\t\t\t<a href='http:\/\/www.abracadavoix.org\/?attachment_id=6429'><img loading=\"lazy\" decoding=\"async\" width=\"150\" height=\"150\" src=\"http:\/\/www.abracadavoix.org\/wp-content\/uploads\/2019\/08\/DSC04779-150x150.jpg\" class=\"attachment-thumbnail size-thumbnail\" alt=\"\" \/><\/a>\n\t\t\t<\/dt><\/dl><dl class='gallery-item'>\n\t\t\t<dt class='gallery-icon landscape'>\n\t\t\t\t<a href='http:\/\/www.abracadavoix.org\/?attachment_id=6428'><img loading=\"lazy\" decoding=\"async\" width=\"150\" height=\"150\" src=\"http:\/\/www.abracadavoix.org\/wp-content\/uploads\/2019\/08\/DSC04800-150x150.jpg\" class=\"attachment-thumbnail size-thumbnail\" alt=\"\" \/><\/a>\n\t\t\t<\/dt><\/dl><br style=\"clear: both\" \/><dl class='gallery-item'>\n\t\t\t<dt class='gallery-icon landscape'>\n\t\t\t\t<a href='http:\/\/www.abracadavoix.org\/?attachment_id=6427'><img loading=\"lazy\" decoding=\"async\" width=\"150\" height=\"150\" src=\"http:\/\/www.abracadavoix.org\/wp-content\/uploads\/2019\/08\/IMG-20190823-WA0032-150x150.jpg\" class=\"attachment-thumbnail size-thumbnail\" alt=\"\" \/><\/a>\n\t\t\t<\/dt><\/dl><dl class='gallery-item'>\n\t\t\t<dt class='gallery-icon landscape'>\n\t\t\t\t<a href='http:\/\/www.abracadavoix.org\/?attachment_id=6426'><img loading=\"lazy\" decoding=\"async\" width=\"150\" height=\"150\" src=\"http:\/\/www.abracadavoix.org\/wp-content\/uploads\/2019\/08\/IMG-20190824-WA0000-150x150.jpg\" class=\"attachment-thumbnail size-thumbnail\" alt=\"\" \/><\/a>\n\t\t\t<\/dt><\/dl><dl class='gallery-item'>\n\t\t\t<dt class='gallery-icon landscape'>\n\t\t\t\t<a href='http:\/\/www.abracadavoix.org\/?attachment_id=6425'><img loading=\"lazy\" decoding=\"async\" width=\"150\" height=\"150\" src=\"http:\/\/www.abracadavoix.org\/wp-content\/uploads\/2019\/08\/IMG-20190824-WA0002-150x150.jpg\" class=\"attachment-thumbnail size-thumbnail\" alt=\"\" \/><\/a>\n\t\t\t<\/dt><\/dl><dl class='gallery-item'>\n\t\t\t<dt class='gallery-icon portrait'>\n\t\t\t\t<a href='http:\/\/www.abracadavoix.org\/?attachment_id=6424'><img loading=\"lazy\" decoding=\"async\" width=\"150\" height=\"150\" src=\"http:\/\/www.abracadavoix.org\/wp-content\/uploads\/2019\/08\/DSC04693-150x150.jpg\" class=\"attachment-thumbnail size-thumbnail\" alt=\"\" \/><\/a>\n\t\t\t<\/dt><\/dl><br style=\"clear: both\" \/><dl class='gallery-item'>\n\t\t\t<dt class='gallery-icon landscape'>\n\t\t\t\t<a href='http:\/\/www.abracadavoix.org\/?attachment_id=6423'><img loading=\"lazy\" decoding=\"async\" width=\"150\" height=\"150\" src=\"http:\/\/www.abracadavoix.org\/wp-content\/uploads\/2019\/08\/DSC04669-150x150.jpg\" class=\"attachment-thumbnail size-thumbnail\" alt=\"\" \/><\/a>\n\t\t\t<\/dt><\/dl><dl class='gallery-item'>\n\t\t\t<dt class='gallery-icon landscape'>\n\t\t\t\t<a href='http:\/\/www.abracadavoix.org\/?attachment_id=6422'><img loading=\"lazy\" decoding=\"async\" width=\"150\" height=\"150\" src=\"http:\/\/www.abracadavoix.org\/wp-content\/uploads\/2019\/08\/DSC04667-150x150.jpg\" class=\"attachment-thumbnail size-thumbnail\" alt=\"\" \/><\/a>\n\t\t\t<\/dt><\/dl><dl class='gallery-item'>\n\t\t\t<dt class='gallery-icon landscape'>\n\t\t\t\t<a href='http:\/\/www.abracadavoix.org\/?attachment_id=6421'><img loading=\"lazy\" decoding=\"async\" width=\"150\" height=\"150\" src=\"http:\/\/www.abracadavoix.org\/wp-content\/uploads\/2019\/08\/DSC04640-150x150.jpg\" class=\"attachment-thumbnail size-thumbnail\" alt=\"\" \/><\/a>\n\t\t\t<\/dt><\/dl><dl class='gallery-item'>\n\t\t\t<dt class='gallery-icon landscape'>\n\t\t\t\t<a href='http:\/\/www.abracadavoix.org\/?attachment_id=6418'><img loading=\"lazy\" decoding=\"async\" width=\"150\" height=\"150\" src=\"http:\/\/www.abracadavoix.org\/wp-content\/uploads\/2019\/08\/20190823_153634-150x150.jpg\" class=\"attachment-thumbnail size-thumbnail\" alt=\"\" \/><\/a>\n\t\t\t<\/dt><\/dl><br style=\"clear: both\" \/>\n\t\t<\/div>\n\n","protected":false},"excerpt":{"rendered":"<p>Technique corporelle et vocale, rythme, \u00e9coute, travail des r\u00e9pertoires, th\u00e9\u00e2tre et interpr\u00e9tation<\/p>\n","protected":false},"author":1,"featured_media":0,"parent":925,"menu_order":13,"comment_status":"closed","ping_status":"closed","template":"","meta":{"om_disable_all_campaigns":false,"_monsterinsights_skip_tracking":false,"_monsterinsights_sitenote_active":false,"_monsterinsights_sitenote_note":"","_monsterinsights_sitenote_category":0,"footnotes":""},"aioseo_notices":[],"_links":{"self":[{"href":"http:\/\/www.abracadavoix.org\/index.php?rest_route=\/wp\/v2\/pages\/6061"}],"collection":[{"href":"http:\/\/www.abracadavoix.org\/index.php?rest_route=\/wp\/v2\/pages"}],"about":[{"href":"http:\/\/www.abracadavoix.org\/index.php?rest_route=\/wp\/v2\/types\/page"}],"author":[{"embeddable":true,"href":"http:\/\/www.abracadavoix.org\/index.php?rest_route=\/wp\/v2\/users\/1"}],"replies":[{"embeddable":true,"href":"http:\/\/www.abracadavoix.org\/index.php?rest_route=%2Fwp%2Fv2%2Fcomments&post=6061"}],"version-history":[{"count":3,"href":"http:\/\/www.abracadavoix.org\/index.php?rest_route=\/wp\/v2\/pages\/6061\/revisions"}],"predecessor-version":[{"id":6438,"href":"http:\/\/www.abracadavoix.org\/index.php?rest_route=\/wp\/v2\/pages\/6061\/revisions\/6438"}],"up":[{"embeddable":true,"href":"http:\/\/www.abracadavoix.org\/index.php?rest_route=\/wp\/v2\/pages\/925"}],"wp:attachment":[{"href":"http:\/\/www.abracadavoix.org\/index.php?rest_route=%2Fwp%2Fv2%2Fmedia&parent=6061"}],"curies":[{"name":"wp","href":"https:\/\/api.w.org\/{rel}","templated":true}]}}