{"id":19,"date":"2012-09-13T10:54:40","date_gmt":"2012-09-13T09:54:40","guid":{"rendered":"http:\/\/www.abracadavoix.org\/?page_id=19"},"modified":"2022-06-29T09:37:02","modified_gmt":"2022-06-29T08:37:02","slug":"fonctionnement","status":"publish","type":"page","link":"https:\/\/www.abracadavoix.org\/?page_id=19","title":{"rendered":"Fonctionnement"},"content":{"rendered":"<p>Les r\u00e9p\u00e9titions ont lieu\u00a0chaque mercredi, de 20h10 \u00e0 22h15<\/p>\n<p>\u00e0 la maison de quartier Auguste Renoir<\/p>\n<p>1 Place Vincent Van Gogh\u00a078280 GUYANCOURT<\/p>\n<p><img loading=\"lazy\" decoding=\"async\" class=\"alignright size-thumbnail wp-image-284\" style=\"line-height: 18px;\" title=\"logo 3\" src=\"http:\/\/www.abracadavoix.org\/wp-content\/uploads\/2012\/09\/logo-31-150x150.jpg\" alt=\"\" width=\"150\" height=\"150\" \/><\/p>\n<p>Et aussi &#8230;&#8230;&#8230; Un dimanche d&rsquo;int\u00e9gration en premi\u00e8re p\u00e9riode ainsi que quatre ou cinq samedis apr\u00e8s-midi dans l&rsquo;ann\u00e9e de 14h \u00e0 18h afin d&rsquo;approfondir le travail musical et th\u00e9\u00e2tral. Un week-end de formation est aussi propos\u00e9 chaque ann\u00e9e.<\/p>\n<p>&nbsp;<\/p>\n<p>&nbsp;<\/p>\n<div><\/div>\n","protected":false},"excerpt":{"rendered":"<p>Les r\u00e9p\u00e9titions ont lieu\u00a0chaque mercredi, de 20h10 \u00e0 22h15 \u00e0 la maison de quartier Auguste Renoir 1 Place Vincent Van Gogh\u00a078280 GUYANCOURT Et aussi &#8230;&#8230;&#8230; Un dimanche d&rsquo;int\u00e9gration en premi\u00e8re p\u00e9riode ainsi que quatre ou cinq samedis apr\u00e8s-midi dans l&rsquo;ann\u00e9e &hellip; <a href=\"https:\/\/www.abracadavoix.org\/?page_id=19\">Continuer la lecture <span class=\"meta-nav\">&rarr;<\/span><\/a><\/p>\n","protected":false},"author":1,"featured_media":0,"parent":2,"menu_order":0,"comment_status":"closed","ping_status":"open","template":"onecolumn-page.php","meta":{"om_disable_all_campaigns":false,"_monsterinsights_skip_tracking":false,"_monsterinsights_sitenote_active":false,"_monsterinsights_sitenote_note":"","_monsterinsights_sitenote_category":0,"footnotes":""},"aioseo_notices":[],"_links":{"self":[{"href":"https:\/\/www.abracadavoix.org\/index.php?rest_route=\/wp\/v2\/pages\/19"}],"collection":[{"href":"https:\/\/www.abracadavoix.org\/index.php?rest_route=\/wp\/v2\/pages"}],"about":[{"href":"https:\/\/www.abracadavoix.org\/index.php?rest_route=\/wp\/v2\/types\/page"}],"author":[{"embeddable":true,"href":"https:\/\/www.abracadavoix.org\/index.php?rest_route=\/wp\/v2\/users\/1"}],"replies":[{"embeddable":true,"href":"https:\/\/www.abracadavoix.org\/index.php?rest_route=%2Fwp%2Fv2%2Fcomments&post=19"}],"version-history":[{"count":32,"href":"https:\/\/www.abracadavoix.org\/index.php?rest_route=\/wp\/v2\/pages\/19\/revisions"}],"predecessor-version":[{"id":7970,"href":"https:\/\/www.abracadavoix.org\/index.php?rest_route=\/wp\/v2\/pages\/19\/revisions\/7970"}],"up":[{"embeddable":true,"href":"https:\/\/www.abracadavoix.org\/index.php?rest_route=\/wp\/v2\/pages\/2"}],"wp:attachment":[{"href":"https:\/\/www.abracadavoix.org\/index.php?rest_route=%2Fwp%2Fv2%2Fmedia&parent=19"}],"curies":[{"name":"wp","href":"https:\/\/api.w.org\/{rel}","templated":true}]}}