{"id":2,"date":"2012-09-11T21:13:03","date_gmt":"2012-09-11T21:13:03","guid":{"rendered":"http:\/\/www.abracadavoix.org\/?page_id=2"},"modified":"2022-12-05T16:54:44","modified_gmt":"2022-12-05T15:54:44","slug":"page-d-exemple","status":"publish","type":"page","link":"https:\/\/www.abracadavoix.org\/?page_id=2","title":{"rendered":"Les Falbalas"},"content":{"rendered":"<p><span style=\"font-size: 18pt;\">Et Les Falbalas&#8230;. c&rsquo;est \u00e7a ! <\/span>(cliquer sur l&rsquo;image)<\/p>\n<span class=\"vvqbox vvqyoutube\" style=\"width:525px;height:450px;\"><span id=\"vvq-2-youtube-1\"><a href=\"http:\/\/www.youtube.com\/watch?v=DcC8E_Is5NI\"><img decoding=\"async\" src=\"http:\/\/img.youtube.com\/vi\/DcC8E_Is5NI\/0.jpg\" alt=\"Image de pr\u00e9visualisation YouTube\" \/><\/a><\/span><\/span>\n<span class=\"vvqbox vvqyoutube\" style=\"width:525px;height:450px;\"><span id=\"vvq-2-youtube-2\"><a href=\"http:\/\/www.youtube.com\/watch?v=YkCdoYmlc-k\"><img decoding=\"async\" src=\"http:\/\/img.youtube.com\/vi\/YkCdoYmlc-k\/0.jpg\" alt=\"Image de pr\u00e9visualisation YouTube\" \/><\/a><\/span><\/span>\n<p>L&rsquo;Ensemble vocal et sc\u00e9nique\u00a0\u00a0<em>Les<\/em><strong><em>\u00a0<\/em><\/strong><em>Fa<\/em><em>lbala<\/em><em>s <\/em>s\u2019adresse \u00e0 toutes les femmes qui souhaitent chanter en polyphonie, d\u00e9couvrir les cultures du monde et du temps, avec rigueur et engagement afin de vivre le plaisir de chanter et interpr\u00e9ter en groupe. Cet ensemble vocal et sc\u00e9nique de femmes a \u00e9t\u00e9 cr\u00e9\u00e9 par Marie Menand en juin 2011. Aujourd\u2019hui, la troupe est constitu\u00e9e de 47 femmes, de tous horizons, recrut\u00e9es sans s\u00e9lection si ce n\u2019est celle de la motivation.<\/p>\n<p>Cet ensemble privil\u00e9gie aupr\u00e8s des amateurs les liens entre les arts de la sc\u00e8ne\u00a0: Voix, Corps et Expression Th\u00e9\u00e2trale. Il a comme pratique artistique originale, outre le travail vocal et musical, l\u2019utilisation du corps, des regards, de la mise en sc\u00e8ne, une mani\u00e8re de mieux servir les textes et d\u2019apporter une part de jeu. Son r\u00e9pertoire explore essentiellement la chanson fran\u00e7aise de tous styles, mais aborde aussi selon les projets, chants du monde, canons traditionnels ou chants en anglais.<\/p>\n<p>Dans cet esprit, la troupe monte diff\u00e9rents types de projets\u00a0: spectacles musicaux, r\u00e9citals de chansons mises en sc\u00e8ne, ateliers de pratiques vocales. Ouverte \u00e0 l\u2019enrichissement des rencontres et soucieuse de faire partager \u00e0 tous le plaisir de la musique, et de l\u2019expression sc\u00e9nique, elle s\u2019est engag\u00e9e \u00e9galement dans divers projets avec des partenaires.<\/p>\n<p>Le groupe est dirig\u00e9 par Marie Menand et est accompagn\u00e9 au piano par Quentin Neto et Matias Pizarro.<\/p>\n<p><strong>Contact :<\/strong><\/p>\n<p>Pr\u00e9sidente Evelyne Peguet : 06 81 29 94 51<\/p>\n<p>Chef de choeur Marie Menand : 06 86 26 29 55<\/p>\n<address><span style=\"font-size: 12pt; color: #ff0000;\">abracadavoix@gmail.com<\/span><\/address>\n","protected":false},"excerpt":{"rendered":"<p>Et Les Falbalas&#8230;. c&rsquo;est \u00e7a ! (cliquer sur l&rsquo;image) L&rsquo;Ensemble vocal et sc\u00e9nique\u00a0\u00a0Les\u00a0Falbalas s\u2019adresse \u00e0 toutes les femmes qui souhaitent chanter en polyphonie, d\u00e9couvrir les cultures du monde et du temps, avec rigueur et engagement afin de vivre le plaisir &hellip; <a href=\"https:\/\/www.abracadavoix.org\/?page_id=2\">Continuer la lecture <span class=\"meta-nav\">&rarr;<\/span><\/a><\/p>\n","protected":false},"author":1,"featured_media":0,"parent":0,"menu_order":1,"comment_status":"closed","ping_status":"open","template":"onecolumn-page.php","meta":{"om_disable_all_campaigns":false,"_monsterinsights_skip_tracking":false,"_monsterinsights_sitenote_active":false,"_monsterinsights_sitenote_note":"","_monsterinsights_sitenote_category":0,"footnotes":""},"aioseo_notices":[],"_links":{"self":[{"href":"https:\/\/www.abracadavoix.org\/index.php?rest_route=\/wp\/v2\/pages\/2"}],"collection":[{"href":"https:\/\/www.abracadavoix.org\/index.php?rest_route=\/wp\/v2\/pages"}],"about":[{"href":"https:\/\/www.abracadavoix.org\/index.php?rest_route=\/wp\/v2\/types\/page"}],"author":[{"embeddable":true,"href":"https:\/\/www.abracadavoix.org\/index.php?rest_route=\/wp\/v2\/users\/1"}],"replies":[{"embeddable":true,"href":"https:\/\/www.abracadavoix.org\/index.php?rest_route=%2Fwp%2Fv2%2Fcomments&post=2"}],"version-history":[{"count":39,"href":"https:\/\/www.abracadavoix.org\/index.php?rest_route=\/wp\/v2\/pages\/2\/revisions"}],"predecessor-version":[{"id":8086,"href":"https:\/\/www.abracadavoix.org\/index.php?rest_route=\/wp\/v2\/pages\/2\/revisions\/8086"}],"wp:attachment":[{"href":"https:\/\/www.abracadavoix.org\/index.php?rest_route=%2Fwp%2Fv2%2Fmedia&parent=2"}],"curies":[{"name":"wp","href":"https:\/\/api.w.org\/{rel}","templated":true}]}}