{"id":2631,"date":"2015-03-13T17:57:50","date_gmt":"2015-03-13T16:57:50","guid":{"rendered":"http:\/\/www.abracadavoix.org\/?page_id=2631"},"modified":"2023-06-18T20:22:30","modified_gmt":"2023-06-18T19:22:30","slug":"temps-des-femmes-2015","status":"publish","type":"page","link":"https:\/\/www.abracadavoix.org\/?page_id=2631","title":{"rendered":"Temps des Femmes 2015-Falbalas"},"content":{"rendered":"<p>Les <strong>Falbalas<\/strong> et le choeur d&rsquo;homme d&rsquo;<strong>Achoriny<\/strong>, ont donn\u00e9 un spectacle musical dans le cadre du Festival Temps des Femmes de Guyancourt.<\/p>\n<p><span style=\"font-size: 14pt;\"><strong>O\u00f9 sont-ils tous mes copains?<\/strong><\/span> \u00ab\u00a0Hommes et femmes se retrouvent avant-guerre \u00e0 un joyeux mariage o\u00f9 ils vont se dire \u00ab\u00a0OUI !\u00a0\u00bb.\u00a0 Apr\u00e8s le d\u00e9part des hommes, les femmes vivent, travaillent, pleurent, aiment, se souviennent, r\u00e9sistent et esp\u00e8rent. Tout se termine par des retrouvailles au son de l&rsquo;accord\u00e9on\u00a0d&rsquo;Un p&rsquo;tit bal perdu.\u00a0\u00bb<\/p>\n<p><a href=\"http:\/\/www.abracadavoix.org\/wp-content\/uploads\/2015\/03\/Affiche-Femme-Guerre-et-Paix.jpg\"><img loading=\"lazy\" decoding=\"async\" class=\"aligncenter size-full wp-image-2634\" src=\"http:\/\/www.abracadavoix.org\/wp-content\/uploads\/2015\/03\/Affiche-Femme-Guerre-et-Paix.jpg\" alt=\"Affiche Femme Guerre et Paix\" width=\"1000\" height=\"666\" srcset=\"https:\/\/www.abracadavoix.org\/wp-content\/uploads\/2015\/03\/Affiche-Femme-Guerre-et-Paix.jpg 1000w, https:\/\/www.abracadavoix.org\/wp-content\/uploads\/2015\/03\/Affiche-Femme-Guerre-et-Paix-300x199.jpg 300w\" sizes=\"(max-width: 1000px) 100vw, 1000px\" \/><\/a><\/p>\n","protected":false},"excerpt":{"rendered":"<p>Les Falbalas et le choeur d&rsquo;homme d&rsquo;Achoriny, ont donn\u00e9 un spectacle musical dans le cadre du Festival Temps des Femmes de Guyancourt. O\u00f9 sont-ils tous mes copains? \u00ab\u00a0Hommes et femmes se retrouvent avant-guerre \u00e0 un joyeux mariage o\u00f9 ils vont &hellip; <a href=\"https:\/\/www.abracadavoix.org\/?page_id=2631\">Continuer la lecture <span class=\"meta-nav\">&rarr;<\/span><\/a><\/p>\n","protected":false},"author":3,"featured_media":0,"parent":925,"menu_order":30,"comment_status":"closed","ping_status":"closed","template":"onecolumn-page.php","meta":{"om_disable_all_campaigns":false,"_monsterinsights_skip_tracking":false,"_monsterinsights_sitenote_active":false,"_monsterinsights_sitenote_note":"","_monsterinsights_sitenote_category":0,"footnotes":""},"aioseo_notices":[],"_links":{"self":[{"href":"https:\/\/www.abracadavoix.org\/index.php?rest_route=\/wp\/v2\/pages\/2631"}],"collection":[{"href":"https:\/\/www.abracadavoix.org\/index.php?rest_route=\/wp\/v2\/pages"}],"about":[{"href":"https:\/\/www.abracadavoix.org\/index.php?rest_route=\/wp\/v2\/types\/page"}],"author":[{"embeddable":true,"href":"https:\/\/www.abracadavoix.org\/index.php?rest_route=\/wp\/v2\/users\/3"}],"replies":[{"embeddable":true,"href":"https:\/\/www.abracadavoix.org\/index.php?rest_route=%2Fwp%2Fv2%2Fcomments&post=2631"}],"version-history":[{"count":9,"href":"https:\/\/www.abracadavoix.org\/index.php?rest_route=\/wp\/v2\/pages\/2631\/revisions"}],"predecessor-version":[{"id":3941,"href":"https:\/\/www.abracadavoix.org\/index.php?rest_route=\/wp\/v2\/pages\/2631\/revisions\/3941"}],"up":[{"embeddable":true,"href":"https:\/\/www.abracadavoix.org\/index.php?rest_route=\/wp\/v2\/pages\/925"}],"wp:attachment":[{"href":"https:\/\/www.abracadavoix.org\/index.php?rest_route=%2Fwp%2Fv2%2Fmedia&parent=2631"}],"curies":[{"name":"wp","href":"https:\/\/api.w.org\/{rel}","templated":true}]}}