{"id":3769,"date":"2016-06-30T09:39:21","date_gmt":"2016-06-30T08:39:21","guid":{"rendered":"http:\/\/www.abracadavoix.org\/?page_id=3769"},"modified":"2023-06-18T20:23:15","modified_gmt":"2023-06-18T19:23:15","slug":"bel-ebat-29-juin-2016","status":"publish","type":"page","link":"https:\/\/www.abracadavoix.org\/?page_id=3769","title":{"rendered":"Bel Ebat- 29 juin 2016- Chiquitos et Falbalas"},"content":{"rendered":"<p><strong>La R\u00e9p\u00e9tition<\/strong>,\u00a0par <strong><em><span style=\"color: #0000ff;\">LES CHIQUITOS<\/span><\/em><\/strong><\/p>\n<p>C&rsquo;est l&rsquo;ultime r\u00e9p\u00e9tition avant le spectacle. Melvin est en retard. Il arrive enfin, mais tra\u00eene une dr\u00f4le de mine. Ses copains vont tout faire pour lui changer les id\u00e9es.<\/p>\n<p><strong>Saturday Night<\/strong>,\u00a0 par <em><strong><span style=\"color: #ff0000;\">LES<\/span><\/strong><\/em> <span style=\"color: #ff0000;\"><strong><em>FALBALAS<\/em><\/strong><\/span>&#8230;<\/p>\n<p>La fin de semaine arrive, et&#8230;.. \u00ab\u00a0Demain, je dors jusqu&rsquo;\u00e0 midi..!\u00a0\u00bb&#8230; La fin de semaine, c&rsquo;est aussi le samedi soir et le samedi soir, normalement&#8230; on aime \u00e7a. Mais, sommes nous assez en forme pour sortir, danser, r\u00eaver, papoter?&#8230;.<\/p>\n<p>Quelques extraits&#8230;. <strong>\u00ab\u00a0Demain je dors jusqu&rsquo;\u00e0 midi\u00a0\u00bb <\/strong>de Jean Nohain et Mireille<\/p>\n<span class=\"vvqbox vvqyoutube\" style=\"width:525px;height:450px;\"><span id=\"vvq-3769-youtube-1\"><a href=\"http:\/\/www.youtube.com\/watch?v=t6bt8MUA4PA\"><img decoding=\"async\" src=\"http:\/\/img.youtube.com\/vi\/t6bt8MUA4PA\/0.jpg\" alt=\"Image de pr\u00e9visualisation YouTube\" \/><\/a><\/span><\/span>\n<p><strong>\u00ab\u00a0Couleur caf\u00e9\u00a0\u00bb <\/strong>de\u00a0Serge Gainsbourg<\/p>\n<span class=\"vvqbox vvqyoutube\" style=\"width:525px;height:450px;\"><span id=\"vvq-3769-youtube-2\"><a href=\"http:\/\/www.youtube.com\/watch?v=NWGRbb4utNs\"><img decoding=\"async\" src=\"http:\/\/img.youtube.com\/vi\/NWGRbb4utNs\/0.jpg\" alt=\"Image de pr\u00e9visualisation YouTube\" \/><\/a><\/span><\/span>\n","protected":false},"excerpt":{"rendered":"<p>La R\u00e9p\u00e9tition,\u00a0par LES CHIQUITOS C&rsquo;est l&rsquo;ultime r\u00e9p\u00e9tition avant le spectacle. Melvin est en retard. Il arrive enfin, mais tra\u00eene une dr\u00f4le de mine. Ses copains vont tout faire pour lui changer les id\u00e9es. Saturday Night,\u00a0 par LES FALBALAS&#8230; La fin &hellip; <a href=\"https:\/\/www.abracadavoix.org\/?page_id=3769\">Continuer la lecture <span class=\"meta-nav\">&rarr;<\/span><\/a><\/p>\n","protected":false},"author":3,"featured_media":0,"parent":925,"menu_order":28,"comment_status":"closed","ping_status":"closed","template":"","meta":{"om_disable_all_campaigns":false,"_monsterinsights_skip_tracking":false,"_monsterinsights_sitenote_active":false,"_monsterinsights_sitenote_note":"","_monsterinsights_sitenote_category":0,"footnotes":""},"aioseo_notices":[],"_links":{"self":[{"href":"https:\/\/www.abracadavoix.org\/index.php?rest_route=\/wp\/v2\/pages\/3769"}],"collection":[{"href":"https:\/\/www.abracadavoix.org\/index.php?rest_route=\/wp\/v2\/pages"}],"about":[{"href":"https:\/\/www.abracadavoix.org\/index.php?rest_route=\/wp\/v2\/types\/page"}],"author":[{"embeddable":true,"href":"https:\/\/www.abracadavoix.org\/index.php?rest_route=\/wp\/v2\/users\/3"}],"replies":[{"embeddable":true,"href":"https:\/\/www.abracadavoix.org\/index.php?rest_route=%2Fwp%2Fv2%2Fcomments&post=3769"}],"version-history":[{"count":10,"href":"https:\/\/www.abracadavoix.org\/index.php?rest_route=\/wp\/v2\/pages\/3769\/revisions"}],"predecessor-version":[{"id":3945,"href":"https:\/\/www.abracadavoix.org\/index.php?rest_route=\/wp\/v2\/pages\/3769\/revisions\/3945"}],"up":[{"embeddable":true,"href":"https:\/\/www.abracadavoix.org\/index.php?rest_route=\/wp\/v2\/pages\/925"}],"wp:attachment":[{"href":"https:\/\/www.abracadavoix.org\/index.php?rest_route=%2Fwp%2Fv2%2Fmedia&parent=3769"}],"curies":[{"name":"wp","href":"https:\/\/api.w.org\/{rel}","templated":true}]}}