{"id":4539,"date":"2017-03-26T21:53:16","date_gmt":"2017-03-26T20:53:16","guid":{"rendered":"http:\/\/www.abracadavoix.org\/?page_id=4539"},"modified":"2023-06-18T20:24:08","modified_gmt":"2023-06-18T19:24:08","slug":"festival-des-insenses-mars-2017","status":"publish","type":"page","link":"https:\/\/www.abracadavoix.org\/?page_id=4539","title":{"rendered":"Festival des Insens\u00e9s-mars 2017"},"content":{"rendered":"<p>Les Falbalas ont anim\u00e9 un atelier participatif au Festival des Insens\u00e9s \u00e0 l&rsquo;Universit\u00e9 de Saint Quentin en Yvelines.<\/p>\n<p><a href=\"http:\/\/www.abracadavoix.org\/wp-content\/uploads\/2017\/03\/Insens\u00e9s-atelier-kabaret-5.jpg\"><img loading=\"lazy\" decoding=\"async\" class=\"wp-image-4535 alignleft\" src=\"http:\/\/www.abracadavoix.org\/wp-content\/uploads\/2017\/03\/Insens\u00e9s-atelier-kabaret-5.jpg\" alt=\"\" width=\"331\" height=\"249\" srcset=\"https:\/\/www.abracadavoix.org\/wp-content\/uploads\/2017\/03\/Insens\u00e9s-atelier-kabaret-5.jpg 1000w, https:\/\/www.abracadavoix.org\/wp-content\/uploads\/2017\/03\/Insens\u00e9s-atelier-kabaret-5-300x225.jpg 300w\" sizes=\"(max-width: 331px) 100vw, 331px\" \/><\/a><a href=\"http:\/\/www.abracadavoix.org\/wp-content\/uploads\/2017\/03\/Insens\u00e9s-Linda-2.jpg\"><img loading=\"lazy\" decoding=\"async\" class=\"wp-image-4537 alignright\" src=\"http:\/\/www.abracadavoix.org\/wp-content\/uploads\/2017\/03\/Insens\u00e9s-Linda-2.jpg\" alt=\"\" width=\"278\" height=\"208\" srcset=\"https:\/\/www.abracadavoix.org\/wp-content\/uploads\/2017\/03\/Insens\u00e9s-Linda-2.jpg 1000w, https:\/\/www.abracadavoix.org\/wp-content\/uploads\/2017\/03\/Insens\u00e9s-Linda-2-300x225.jpg 300w\" sizes=\"(max-width: 278px) 100vw, 278px\" \/><\/a><\/p>\n<p>&nbsp;<\/p>\n<p>&nbsp;<\/p>\n<p><a href=\"http:\/\/www.abracadavoix.org\/wp-content\/uploads\/2017\/03\/Insens\u00e9s-atelier-kabaret-6.jpg\"><img loading=\"lazy\" decoding=\"async\" class=\"wp-image-4536 alignleft\" src=\"http:\/\/www.abracadavoix.org\/wp-content\/uploads\/2017\/03\/Insens\u00e9s-atelier-kabaret-6.jpg\" alt=\"\" width=\"323\" height=\"242\" srcset=\"https:\/\/www.abracadavoix.org\/wp-content\/uploads\/2017\/03\/Insens\u00e9s-atelier-kabaret-6.jpg 1000w, https:\/\/www.abracadavoix.org\/wp-content\/uploads\/2017\/03\/Insens\u00e9s-atelier-kabaret-6-300x225.jpg 300w\" sizes=\"(max-width: 323px) 100vw, 323px\" \/><\/a> <a href=\"http:\/\/www.abracadavoix.org\/wp-content\/uploads\/2017\/03\/Insens\u00e9s-atelier-kabaret-3.jpg\"><img loading=\"lazy\" decoding=\"async\" class=\"wp-image-4534 alignright\" src=\"http:\/\/www.abracadavoix.org\/wp-content\/uploads\/2017\/03\/Insens\u00e9s-atelier-kabaret-3.jpg\" alt=\"\" width=\"338\" height=\"254\" srcset=\"https:\/\/www.abracadavoix.org\/wp-content\/uploads\/2017\/03\/Insens\u00e9s-atelier-kabaret-3.jpg 1000w, https:\/\/www.abracadavoix.org\/wp-content\/uploads\/2017\/03\/Insens\u00e9s-atelier-kabaret-3-300x225.jpg 300w\" sizes=\"(max-width: 338px) 100vw, 338px\" \/><\/a><\/p>\n","protected":false},"excerpt":{"rendered":"<p>Les Falbalas ont anim\u00e9 un atelier participatif au Festival des Insens\u00e9s \u00e0 l&rsquo;Universit\u00e9 de Saint Quentin en Yvelines. &nbsp; &nbsp;<\/p>\n","protected":false},"author":1,"featured_media":0,"parent":925,"menu_order":26,"comment_status":"closed","ping_status":"closed","template":"onecolumn-page.php","meta":{"om_disable_all_campaigns":false,"_monsterinsights_skip_tracking":false,"_monsterinsights_sitenote_active":false,"_monsterinsights_sitenote_note":"","_monsterinsights_sitenote_category":0,"footnotes":""},"aioseo_notices":[],"_links":{"self":[{"href":"https:\/\/www.abracadavoix.org\/index.php?rest_route=\/wp\/v2\/pages\/4539"}],"collection":[{"href":"https:\/\/www.abracadavoix.org\/index.php?rest_route=\/wp\/v2\/pages"}],"about":[{"href":"https:\/\/www.abracadavoix.org\/index.php?rest_route=\/wp\/v2\/types\/page"}],"author":[{"embeddable":true,"href":"https:\/\/www.abracadavoix.org\/index.php?rest_route=\/wp\/v2\/users\/1"}],"replies":[{"embeddable":true,"href":"https:\/\/www.abracadavoix.org\/index.php?rest_route=%2Fwp%2Fv2%2Fcomments&post=4539"}],"version-history":[{"count":9,"href":"https:\/\/www.abracadavoix.org\/index.php?rest_route=\/wp\/v2\/pages\/4539\/revisions"}],"predecessor-version":[{"id":4552,"href":"https:\/\/www.abracadavoix.org\/index.php?rest_route=\/wp\/v2\/pages\/4539\/revisions\/4552"}],"up":[{"embeddable":true,"href":"https:\/\/www.abracadavoix.org\/index.php?rest_route=\/wp\/v2\/pages\/925"}],"wp:attachment":[{"href":"https:\/\/www.abracadavoix.org\/index.php?rest_route=%2Fwp%2Fv2%2Fmedia&parent=4539"}],"curies":[{"name":"wp","href":"https:\/\/api.w.org\/{rel}","templated":true}]}}