{"id":5065,"date":"2017-12-17T17:04:43","date_gmt":"2017-12-17T16:04:43","guid":{"rendered":"http:\/\/www.abracadavoix.org\/?page_id=5065"},"modified":"2017-12-17T17:30:31","modified_gmt":"2017-12-17T16:30:31","slug":"notre-choeur-fait-boum-a-magny-les-hx","status":"publish","type":"page","link":"https:\/\/www.abracadavoix.org\/?page_id=5065","title":{"rendered":"Notre Choeur fait BOUM \u00e0 Issy les Mx"},"content":{"rendered":"<p>Nouvelle cr\u00e9ation des Falbalas et de leurs invit\u00e9s.<\/p>\n<p><strong>16 d\u00e9cembre 2017,<\/strong> \u00e0 l\u2019Espace Saint Sauveur de l\u2019H\u00f4pital Corentin Celton, Issy les Mx<\/p>\n<div id='gallery-1' class='gallery galleryid-5065 gallery-columns-4 gallery-size-thumbnail'><dl class='gallery-item'>\n\t\t\t<dt class='gallery-icon landscape'>\n\t\t\t\t<a href='https:\/\/www.abracadavoix.org\/wp-content\/uploads\/2017\/12\/D\u00e9cembre-2017-Boum-2.jpg'><img loading=\"lazy\" decoding=\"async\" width=\"150\" height=\"150\" src=\"https:\/\/www.abracadavoix.org\/wp-content\/uploads\/2017\/12\/D\u00e9cembre-2017-Boum-2-150x150.jpg\" class=\"attachment-thumbnail size-thumbnail\" alt=\"\" \/><\/a>\n\t\t\t<\/dt><\/dl><dl class='gallery-item'>\n\t\t\t<dt class='gallery-icon landscape'>\n\t\t\t\t<a href='https:\/\/www.abracadavoix.org\/wp-content\/uploads\/2017\/12\/D\u00e9cembre-2017-Boum-20.jpg'><img loading=\"lazy\" decoding=\"async\" width=\"150\" height=\"150\" src=\"https:\/\/www.abracadavoix.org\/wp-content\/uploads\/2017\/12\/D\u00e9cembre-2017-Boum-20-150x150.jpg\" class=\"attachment-thumbnail size-thumbnail\" alt=\"\" \/><\/a>\n\t\t\t<\/dt><\/dl><dl class='gallery-item'>\n\t\t\t<dt class='gallery-icon landscape'>\n\t\t\t\t<a href='https:\/\/www.abracadavoix.org\/wp-content\/uploads\/2017\/12\/D\u00e9cembre-2017-Boum-19.jpg'><img loading=\"lazy\" decoding=\"async\" width=\"150\" height=\"150\" src=\"https:\/\/www.abracadavoix.org\/wp-content\/uploads\/2017\/12\/D\u00e9cembre-2017-Boum-19-150x150.jpg\" class=\"attachment-thumbnail size-thumbnail\" alt=\"\" \/><\/a>\n\t\t\t<\/dt><\/dl><dl class='gallery-item'>\n\t\t\t<dt class='gallery-icon landscape'>\n\t\t\t\t<a href='https:\/\/www.abracadavoix.org\/wp-content\/uploads\/2017\/12\/D\u00e9cembre-2017-Boum-14.jpg'><img loading=\"lazy\" decoding=\"async\" width=\"150\" height=\"150\" src=\"https:\/\/www.abracadavoix.org\/wp-content\/uploads\/2017\/12\/D\u00e9cembre-2017-Boum-14-150x150.jpg\" class=\"attachment-thumbnail size-thumbnail\" alt=\"\" \/><\/a>\n\t\t\t<\/dt><\/dl><br style=\"clear: both\" \/><dl class='gallery-item'>\n\t\t\t<dt class='gallery-icon landscape'>\n\t\t\t\t<a href='https:\/\/www.abracadavoix.org\/wp-content\/uploads\/2017\/12\/D\u00e9cembre-2017-Boum-16.jpg'><img loading=\"lazy\" decoding=\"async\" width=\"150\" height=\"150\" src=\"https:\/\/www.abracadavoix.org\/wp-content\/uploads\/2017\/12\/D\u00e9cembre-2017-Boum-16-150x150.jpg\" class=\"attachment-thumbnail size-thumbnail\" alt=\"\" \/><\/a>\n\t\t\t<\/dt><\/dl><dl class='gallery-item'>\n\t\t\t<dt class='gallery-icon landscape'>\n\t\t\t\t<a href='https:\/\/www.abracadavoix.org\/wp-content\/uploads\/2017\/12\/D\u00e9cembre-2017-Boum-18.jpg'><img loading=\"lazy\" decoding=\"async\" width=\"150\" height=\"150\" src=\"https:\/\/www.abracadavoix.org\/wp-content\/uploads\/2017\/12\/D\u00e9cembre-2017-Boum-18-150x150.jpg\" class=\"attachment-thumbnail size-thumbnail\" alt=\"\" \/><\/a>\n\t\t\t<\/dt><\/dl><dl class='gallery-item'>\n\t\t\t<dt class='gallery-icon landscape'>\n\t\t\t\t<a href='https:\/\/www.abracadavoix.org\/wp-content\/uploads\/2017\/12\/D\u00e9cembre-2017-Boum-12.jpg'><img loading=\"lazy\" decoding=\"async\" width=\"150\" height=\"150\" src=\"https:\/\/www.abracadavoix.org\/wp-content\/uploads\/2017\/12\/D\u00e9cembre-2017-Boum-12-150x150.jpg\" class=\"attachment-thumbnail size-thumbnail\" alt=\"\" \/><\/a>\n\t\t\t<\/dt><\/dl><dl class='gallery-item'>\n\t\t\t<dt class='gallery-icon landscape'>\n\t\t\t\t<a href='https:\/\/www.abracadavoix.org\/wp-content\/uploads\/2017\/12\/D\u00e9cembre-2017-Boum-13.jpg'><img loading=\"lazy\" decoding=\"async\" width=\"150\" height=\"150\" src=\"https:\/\/www.abracadavoix.org\/wp-content\/uploads\/2017\/12\/D\u00e9cembre-2017-Boum-13-150x150.jpg\" class=\"attachment-thumbnail size-thumbnail\" alt=\"\" \/><\/a>\n\t\t\t<\/dt><\/dl><br style=\"clear: both\" \/><dl class='gallery-item'>\n\t\t\t<dt class='gallery-icon landscape'>\n\t\t\t\t<a href='https:\/\/www.abracadavoix.org\/wp-content\/uploads\/2017\/12\/D\u00e9cembre-2017-Boum-11.jpg'><img loading=\"lazy\" decoding=\"async\" width=\"150\" height=\"150\" src=\"https:\/\/www.abracadavoix.org\/wp-content\/uploads\/2017\/12\/D\u00e9cembre-2017-Boum-11-150x150.jpg\" class=\"attachment-thumbnail size-thumbnail\" alt=\"\" \/><\/a>\n\t\t\t<\/dt><\/dl><dl class='gallery-item'>\n\t\t\t<dt class='gallery-icon landscape'>\n\t\t\t\t<a href='https:\/\/www.abracadavoix.org\/wp-content\/uploads\/2017\/12\/D\u00e9cembre-2017-Boum-4.jpg'><img loading=\"lazy\" decoding=\"async\" width=\"150\" height=\"150\" src=\"https:\/\/www.abracadavoix.org\/wp-content\/uploads\/2017\/12\/D\u00e9cembre-2017-Boum-4-150x150.jpg\" class=\"attachment-thumbnail size-thumbnail\" alt=\"\" \/><\/a>\n\t\t\t<\/dt><\/dl><dl class='gallery-item'>\n\t\t\t<dt class='gallery-icon landscape'>\n\t\t\t\t<a href='https:\/\/www.abracadavoix.org\/wp-content\/uploads\/2017\/12\/D\u00e9cembre-2017-Boum-9.jpg'><img loading=\"lazy\" decoding=\"async\" width=\"150\" height=\"150\" src=\"https:\/\/www.abracadavoix.org\/wp-content\/uploads\/2017\/12\/D\u00e9cembre-2017-Boum-9-150x150.jpg\" class=\"attachment-thumbnail size-thumbnail\" alt=\"\" \/><\/a>\n\t\t\t<\/dt><\/dl><dl class='gallery-item'>\n\t\t\t<dt class='gallery-icon landscape'>\n\t\t\t\t<a href='https:\/\/www.abracadavoix.org\/wp-content\/uploads\/2017\/12\/D\u00e9cembre-2017-Boum-8.jpg'><img loading=\"lazy\" decoding=\"async\" width=\"150\" height=\"150\" src=\"https:\/\/www.abracadavoix.org\/wp-content\/uploads\/2017\/12\/D\u00e9cembre-2017-Boum-8-150x150.jpg\" class=\"attachment-thumbnail size-thumbnail\" alt=\"\" \/><\/a>\n\t\t\t<\/dt><\/dl><br style=\"clear: both\" \/><dl class='gallery-item'>\n\t\t\t<dt class='gallery-icon landscape'>\n\t\t\t\t<a href='https:\/\/www.abracadavoix.org\/wp-content\/uploads\/2017\/12\/D\u00e9cembre-2017-Boum-15.jpg'><img loading=\"lazy\" decoding=\"async\" width=\"150\" height=\"150\" src=\"https:\/\/www.abracadavoix.org\/wp-content\/uploads\/2017\/12\/D\u00e9cembre-2017-Boum-15-150x150.jpg\" class=\"attachment-thumbnail size-thumbnail\" alt=\"\" \/><\/a>\n\t\t\t<\/dt><\/dl><dl class='gallery-item'>\n\t\t\t<dt class='gallery-icon landscape'>\n\t\t\t\t<a href='https:\/\/www.abracadavoix.org\/wp-content\/uploads\/2017\/12\/D\u00e9cembre-2017-Boum-1.jpg'><img loading=\"lazy\" decoding=\"async\" width=\"150\" height=\"150\" src=\"https:\/\/www.abracadavoix.org\/wp-content\/uploads\/2017\/12\/D\u00e9cembre-2017-Boum-1-150x150.jpg\" class=\"attachment-thumbnail size-thumbnail\" alt=\"\" \/><\/a>\n\t\t\t<\/dt><\/dl><dl class='gallery-item'>\n\t\t\t<dt class='gallery-icon landscape'>\n\t\t\t\t<a href='https:\/\/www.abracadavoix.org\/wp-content\/uploads\/2017\/12\/D\u00e9cembre-2017-Boum-6.jpg'><img loading=\"lazy\" decoding=\"async\" width=\"150\" height=\"150\" src=\"https:\/\/www.abracadavoix.org\/wp-content\/uploads\/2017\/12\/D\u00e9cembre-2017-Boum-6-150x150.jpg\" class=\"attachment-thumbnail size-thumbnail\" alt=\"\" \/><\/a>\n\t\t\t<\/dt><\/dl><dl class='gallery-item'>\n\t\t\t<dt class='gallery-icon landscape'>\n\t\t\t\t<a href='https:\/\/www.abracadavoix.org\/wp-content\/uploads\/2017\/12\/D\u00e9cembre-2017-Boum-10.jpg'><img loading=\"lazy\" decoding=\"async\" width=\"150\" height=\"150\" src=\"https:\/\/www.abracadavoix.org\/wp-content\/uploads\/2017\/12\/D\u00e9cembre-2017-Boum-10-150x150.jpg\" class=\"attachment-thumbnail size-thumbnail\" alt=\"\" \/><\/a>\n\t\t\t<\/dt><\/dl><br style=\"clear: both\" \/>\n\t\t<\/div>\n\n","protected":false},"excerpt":{"rendered":"<p>Nouvelle cr\u00e9ation des Falbalas et de leurs invit\u00e9s. 16 d\u00e9cembre 2017, \u00e0 l\u2019Espace Saint Sauveur de l\u2019H\u00f4pital Corentin Celton, Issy les Mx<\/p>\n","protected":false},"author":1,"featured_media":0,"parent":5067,"menu_order":1,"comment_status":"closed","ping_status":"closed","template":"","meta":{"om_disable_all_campaigns":false,"_monsterinsights_skip_tracking":false,"_monsterinsights_sitenote_active":false,"_monsterinsights_sitenote_note":"","_monsterinsights_sitenote_category":0,"footnotes":""},"aioseo_notices":[],"_links":{"self":[{"href":"https:\/\/www.abracadavoix.org\/index.php?rest_route=\/wp\/v2\/pages\/5065"}],"collection":[{"href":"https:\/\/www.abracadavoix.org\/index.php?rest_route=\/wp\/v2\/pages"}],"about":[{"href":"https:\/\/www.abracadavoix.org\/index.php?rest_route=\/wp\/v2\/types\/page"}],"author":[{"embeddable":true,"href":"https:\/\/www.abracadavoix.org\/index.php?rest_route=\/wp\/v2\/users\/1"}],"replies":[{"embeddable":true,"href":"https:\/\/www.abracadavoix.org\/index.php?rest_route=%2Fwp%2Fv2%2Fcomments&post=5065"}],"version-history":[{"count":5,"href":"https:\/\/www.abracadavoix.org\/index.php?rest_route=\/wp\/v2\/pages\/5065\/revisions"}],"predecessor-version":[{"id":5092,"href":"https:\/\/www.abracadavoix.org\/index.php?rest_route=\/wp\/v2\/pages\/5065\/revisions\/5092"}],"up":[{"embeddable":true,"href":"https:\/\/www.abracadavoix.org\/index.php?rest_route=\/wp\/v2\/pages\/5067"}],"wp:attachment":[{"href":"https:\/\/www.abracadavoix.org\/index.php?rest_route=%2Fwp%2Fv2%2Fmedia&parent=5065"}],"curies":[{"name":"wp","href":"https:\/\/api.w.org\/{rel}","templated":true}]}}