{"id":5067,"date":"2017-12-17T17:05:52","date_gmt":"2017-12-17T16:05:52","guid":{"rendered":"http:\/\/www.abracadavoix.org\/?page_id=5067"},"modified":"2023-06-18T20:26:34","modified_gmt":"2023-06-18T19:26:34","slug":"decembre-2017-notre-choeur-fait-boum","status":"publish","type":"page","link":"https:\/\/www.abracadavoix.org\/?page_id=5067","title":{"rendered":"D\u00e9cembre 2017, Notre choeur fait Boum"},"content":{"rendered":"<p>Nouvelle cr\u00e9ation des Falbalas et de leurs invit\u00e9s.<\/p>\n<p>\u00ab\u00a0Sur les quais de la Seine un soir d\u2019\u00e9t\u00e9\u2026des parisiennes, un musicien, quelques badauds, l\u2019espoir fleurit\u2026 Une bande de filles d\u00e9barque \u00e0 Paris le c\u0153ur battant en qu\u00eate de d\u00e9couvertes et d\u2019\u00e9motions\u2026 Filles de Panam\u2019 et filles d\u2019ailleurs se rencontrent et vibrent \u00e0 l\u2019unisson\u2026 un air d\u2019accord\u00e9on, une guinguette en bord de Seine, des c\u0153urs qui font Boum\u00a0!\u2026\u2026..<\/p>\n<p>D\u00e9sillusion\u2026\u2026 D\u00e9cid\u00e9ment, les hommes sont tous les m\u00eames\u00a0! Mais\u2026. \u00a0Matin fait lever le soleil \u2026\u00a0\u00bb<\/p>\n<span class=\"vvqbox vvqyoutube\" style=\"width:525px;height:450px;\"><span id=\"vvq-5067-youtube-1\"><a href=\"http:\/\/www.youtube.com\/watch?v=rBTn8hgJpf8\"><img decoding=\"async\" src=\"http:\/\/img.youtube.com\/vi\/rBTn8hgJpf8\/0.jpg\" alt=\"Image de pr\u00e9visualisation YouTube\" \/><\/a><\/span><\/span>\n","protected":false},"excerpt":{"rendered":"<p>Nouvelle cr\u00e9ation des Falbalas et de leurs invit\u00e9s. \u00ab\u00a0Sur les quais de la Seine un soir d\u2019\u00e9t\u00e9\u2026des parisiennes, un musicien, quelques badauds, l\u2019espoir fleurit\u2026 Une bande de filles d\u00e9barque \u00e0 Paris le c\u0153ur battant en qu\u00eate de d\u00e9couvertes et d\u2019\u00e9motions\u2026 &hellip; <a href=\"https:\/\/www.abracadavoix.org\/?page_id=5067\">Continuer la lecture <span class=\"meta-nav\">&rarr;<\/span><\/a><\/p>\n","protected":false},"author":1,"featured_media":0,"parent":925,"menu_order":22,"comment_status":"closed","ping_status":"closed","template":"","meta":{"om_disable_all_campaigns":false,"_monsterinsights_skip_tracking":false,"_monsterinsights_sitenote_active":false,"_monsterinsights_sitenote_note":"","_monsterinsights_sitenote_category":0,"footnotes":""},"aioseo_notices":[],"_links":{"self":[{"href":"https:\/\/www.abracadavoix.org\/index.php?rest_route=\/wp\/v2\/pages\/5067"}],"collection":[{"href":"https:\/\/www.abracadavoix.org\/index.php?rest_route=\/wp\/v2\/pages"}],"about":[{"href":"https:\/\/www.abracadavoix.org\/index.php?rest_route=\/wp\/v2\/types\/page"}],"author":[{"embeddable":true,"href":"https:\/\/www.abracadavoix.org\/index.php?rest_route=\/wp\/v2\/users\/1"}],"replies":[{"embeddable":true,"href":"https:\/\/www.abracadavoix.org\/index.php?rest_route=%2Fwp%2Fv2%2Fcomments&post=5067"}],"version-history":[{"count":3,"href":"https:\/\/www.abracadavoix.org\/index.php?rest_route=\/wp\/v2\/pages\/5067\/revisions"}],"predecessor-version":[{"id":5072,"href":"https:\/\/www.abracadavoix.org\/index.php?rest_route=\/wp\/v2\/pages\/5067\/revisions\/5072"}],"up":[{"embeddable":true,"href":"https:\/\/www.abracadavoix.org\/index.php?rest_route=\/wp\/v2\/pages\/925"}],"wp:attachment":[{"href":"https:\/\/www.abracadavoix.org\/index.php?rest_route=%2Fwp%2Fv2%2Fmedia&parent=5067"}],"curies":[{"name":"wp","href":"https:\/\/api.w.org\/{rel}","templated":true}]}}