{"id":5496,"date":"2018-06-13T17:55:24","date_gmt":"2018-06-13T16:55:24","guid":{"rendered":"http:\/\/www.abracadavoix.org\/?page_id=5496"},"modified":"2023-06-18T20:28:15","modified_gmt":"2023-06-18T19:28:15","slug":"chansons-a-lhopital","status":"publish","type":"page","link":"https:\/\/www.abracadavoix.org\/?page_id=5496","title":{"rendered":"Chansons \u00e0 l&rsquo;h\u00f4pital-juin 2018"},"content":{"rendered":"<p>Les Falbalas ont particip\u00e9 ce mercredi 14 juin, sur un programme a capella,\u00a0 \u00e0 la F\u00eate de la Musique de l\u2019h\u00f4pital Corentin Celton&#8230;<\/p>\n<div id='gallery-1' class='gallery galleryid-5496 gallery-columns-3 gallery-size-thumbnail'><dl class='gallery-item'>\n\t\t\t<dt class='gallery-icon landscape'>\n\t\t\t\t<a href='https:\/\/www.abracadavoix.org\/?attachment_id=5498'><img loading=\"lazy\" decoding=\"async\" width=\"150\" height=\"150\" src=\"https:\/\/www.abracadavoix.org\/wp-content\/uploads\/2018\/06\/20180613_151747-150x150.jpg\" class=\"attachment-thumbnail size-thumbnail\" alt=\"\" \/><\/a>\n\t\t\t<\/dt><\/dl><dl class='gallery-item'>\n\t\t\t<dt class='gallery-icon landscape'>\n\t\t\t\t<a href='https:\/\/www.abracadavoix.org\/?attachment_id=5497'><img loading=\"lazy\" decoding=\"async\" width=\"150\" height=\"150\" src=\"https:\/\/www.abracadavoix.org\/wp-content\/uploads\/2018\/06\/20180613_150929-1-e1528908880547-150x150.jpg\" class=\"attachment-thumbnail size-thumbnail\" alt=\"\" \/><\/a>\n\t\t\t<\/dt><\/dl><dl class='gallery-item'>\n\t\t\t<dt class='gallery-icon landscape'>\n\t\t\t\t<a href='https:\/\/www.abracadavoix.org\/?attachment_id=5495'><img loading=\"lazy\" decoding=\"async\" width=\"150\" height=\"150\" src=\"https:\/\/www.abracadavoix.org\/wp-content\/uploads\/2018\/06\/20180613_151439-150x150.jpg\" class=\"attachment-thumbnail size-thumbnail\" alt=\"\" \/><\/a>\n\t\t\t<\/dt><\/dl><br style=\"clear: both\" \/><dl class='gallery-item'>\n\t\t\t<dt class='gallery-icon portrait'>\n\t\t\t\t<a href='https:\/\/www.abracadavoix.org\/?attachment_id=5500'><img loading=\"lazy\" decoding=\"async\" width=\"150\" height=\"150\" src=\"https:\/\/www.abracadavoix.org\/wp-content\/uploads\/2018\/06\/20180613_160109-150x150.jpg\" class=\"attachment-thumbnail size-thumbnail\" alt=\"\" \/><\/a>\n\t\t\t<\/dt><\/dl><dl class='gallery-item'>\n\t\t\t<dt class='gallery-icon landscape'>\n\t\t\t\t<a href='https:\/\/www.abracadavoix.org\/?attachment_id=5501'><img loading=\"lazy\" decoding=\"async\" width=\"150\" height=\"150\" src=\"https:\/\/www.abracadavoix.org\/wp-content\/uploads\/2018\/06\/20180613_153909-150x150.jpg\" class=\"attachment-thumbnail size-thumbnail\" alt=\"\" \/><\/a>\n\t\t\t<\/dt><\/dl><dl class='gallery-item'>\n\t\t\t<dt class='gallery-icon landscape'>\n\t\t\t\t<a href='https:\/\/www.abracadavoix.org\/?attachment_id=5499'><img loading=\"lazy\" decoding=\"async\" width=\"150\" height=\"150\" src=\"https:\/\/www.abracadavoix.org\/wp-content\/uploads\/2018\/06\/20180613_152000-150x150.jpg\" class=\"attachment-thumbnail size-thumbnail\" alt=\"\" \/><\/a>\n\t\t\t<\/dt><\/dl><br style=\"clear: both\" \/>\n\t\t<\/div>\n\n","protected":false},"excerpt":{"rendered":"<p>Les Falbalas ont particip\u00e9 ce mercredi 14 juin, sur un programme a capella,\u00a0 \u00e0 la F\u00eate de la Musique de l\u2019h\u00f4pital Corentin Celton&#8230;<\/p>\n","protected":false},"author":1,"featured_media":0,"parent":925,"menu_order":17,"comment_status":"closed","ping_status":"closed","template":"","meta":{"om_disable_all_campaigns":false,"_monsterinsights_skip_tracking":false,"_monsterinsights_sitenote_active":false,"_monsterinsights_sitenote_note":"","_monsterinsights_sitenote_category":0,"footnotes":""},"aioseo_notices":[],"_links":{"self":[{"href":"https:\/\/www.abracadavoix.org\/index.php?rest_route=\/wp\/v2\/pages\/5496"}],"collection":[{"href":"https:\/\/www.abracadavoix.org\/index.php?rest_route=\/wp\/v2\/pages"}],"about":[{"href":"https:\/\/www.abracadavoix.org\/index.php?rest_route=\/wp\/v2\/types\/page"}],"author":[{"embeddable":true,"href":"https:\/\/www.abracadavoix.org\/index.php?rest_route=\/wp\/v2\/users\/1"}],"replies":[{"embeddable":true,"href":"https:\/\/www.abracadavoix.org\/index.php?rest_route=%2Fwp%2Fv2%2Fcomments&post=5496"}],"version-history":[{"count":2,"href":"https:\/\/www.abracadavoix.org\/index.php?rest_route=\/wp\/v2\/pages\/5496\/revisions"}],"predecessor-version":[{"id":5610,"href":"https:\/\/www.abracadavoix.org\/index.php?rest_route=\/wp\/v2\/pages\/5496\/revisions\/5610"}],"up":[{"embeddable":true,"href":"https:\/\/www.abracadavoix.org\/index.php?rest_route=\/wp\/v2\/pages\/925"}],"wp:attachment":[{"href":"https:\/\/www.abracadavoix.org\/index.php?rest_route=%2Fwp%2Fv2%2Fmedia&parent=5496"}],"curies":[{"name":"wp","href":"https:\/\/api.w.org\/{rel}","templated":true}]}}