{"id":5578,"date":"2018-10-09T21:24:52","date_gmt":"2018-10-09T20:24:52","guid":{"rendered":"http:\/\/www.abracadavoix.org\/?page_id=5578"},"modified":"2023-06-18T20:27:46","modified_gmt":"2023-06-18T19:27:46","slug":"chansons-droles-et-tendres-a-nevers","status":"publish","type":"page","link":"https:\/\/www.abracadavoix.org\/?page_id=5578","title":{"rendered":"Chansons dr\u00f4les et tendres \u00e0 Nevers-oct 2018"},"content":{"rendered":"<p>Octobre 2018, Les Falbalas sont invit\u00e9es \u00e0 Nevers par Les Nomades<\/p>\n<div id='gallery-1' class='gallery galleryid-5578 gallery-columns-5 gallery-size-thumbnail'><dl class='gallery-item'>\n\t\t\t<dt class='gallery-icon landscape'>\n\t\t\t\t<a href='https:\/\/www.abracadavoix.org\/?attachment_id=5581'><img loading=\"lazy\" decoding=\"async\" width=\"150\" height=\"150\" src=\"https:\/\/www.abracadavoix.org\/wp-content\/uploads\/2018\/10\/dr\u00f4les-et-tendres-\u00e0-Nevers-14-150x150.jpg\" class=\"attachment-thumbnail size-thumbnail\" alt=\"\" \/><\/a>\n\t\t\t<\/dt><\/dl><dl class='gallery-item'>\n\t\t\t<dt class='gallery-icon landscape'>\n\t\t\t\t<a href='https:\/\/www.abracadavoix.org\/?attachment_id=5582'><img loading=\"lazy\" decoding=\"async\" width=\"150\" height=\"150\" src=\"https:\/\/www.abracadavoix.org\/wp-content\/uploads\/2018\/10\/Dr\u00f4les-et-tendres-\u00e0-Nevers-7-150x150.jpg\" class=\"attachment-thumbnail size-thumbnail\" alt=\"\" \/><\/a>\n\t\t\t<\/dt><\/dl><dl class='gallery-item'>\n\t\t\t<dt class='gallery-icon landscape'>\n\t\t\t\t<a href='https:\/\/www.abracadavoix.org\/?attachment_id=5583'><img loading=\"lazy\" decoding=\"async\" width=\"150\" height=\"150\" src=\"https:\/\/www.abracadavoix.org\/wp-content\/uploads\/2018\/10\/Dr\u00f4les-et-tendres-\u00e0-Nevers-9-150x150.jpg\" class=\"attachment-thumbnail size-thumbnail\" alt=\"\" \/><\/a>\n\t\t\t<\/dt><\/dl><dl class='gallery-item'>\n\t\t\t<dt class='gallery-icon landscape'>\n\t\t\t\t<a href='https:\/\/www.abracadavoix.org\/?attachment_id=5584'><img loading=\"lazy\" decoding=\"async\" width=\"150\" height=\"150\" src=\"https:\/\/www.abracadavoix.org\/wp-content\/uploads\/2018\/10\/dr\u00f4les-et-tendres-\u00e0-Nevers-1-150x150.jpg\" class=\"attachment-thumbnail size-thumbnail\" alt=\"\" \/><\/a>\n\t\t\t<\/dt><\/dl><dl class='gallery-item'>\n\t\t\t<dt class='gallery-icon landscape'>\n\t\t\t\t<a href='https:\/\/www.abracadavoix.org\/?attachment_id=5585'><img loading=\"lazy\" decoding=\"async\" width=\"150\" height=\"150\" src=\"https:\/\/www.abracadavoix.org\/wp-content\/uploads\/2018\/10\/dr\u00f4les-et-tendres-\u00e0-Nevers-2-150x150.jpg\" class=\"attachment-thumbnail size-thumbnail\" alt=\"\" \/><\/a>\n\t\t\t<\/dt><\/dl><br style=\"clear: both\" \/><dl class='gallery-item'>\n\t\t\t<dt class='gallery-icon landscape'>\n\t\t\t\t<a href='https:\/\/www.abracadavoix.org\/?attachment_id=5586'><img loading=\"lazy\" decoding=\"async\" width=\"150\" height=\"150\" src=\"https:\/\/www.abracadavoix.org\/wp-content\/uploads\/2018\/10\/dr\u00f4les-et-tendres-\u00e0-Nevers-3-150x150.jpg\" class=\"attachment-thumbnail size-thumbnail\" alt=\"\" \/><\/a>\n\t\t\t<\/dt><\/dl><dl class='gallery-item'>\n\t\t\t<dt class='gallery-icon landscape'>\n\t\t\t\t<a href='https:\/\/www.abracadavoix.org\/?attachment_id=5587'><img loading=\"lazy\" decoding=\"async\" width=\"150\" height=\"150\" src=\"https:\/\/www.abracadavoix.org\/wp-content\/uploads\/2018\/10\/dr\u00f4les-et-tendres-\u00e0-Nevers-4-150x150.jpg\" class=\"attachment-thumbnail size-thumbnail\" alt=\"\" \/><\/a>\n\t\t\t<\/dt><\/dl><dl class='gallery-item'>\n\t\t\t<dt class='gallery-icon landscape'>\n\t\t\t\t<a href='https:\/\/www.abracadavoix.org\/?attachment_id=5588'><img loading=\"lazy\" decoding=\"async\" width=\"150\" height=\"150\" src=\"https:\/\/www.abracadavoix.org\/wp-content\/uploads\/2018\/10\/dr\u00f4les-et-tendres-\u00e0-Nevers-5-150x150.jpg\" class=\"attachment-thumbnail size-thumbnail\" alt=\"\" \/><\/a>\n\t\t\t<\/dt><\/dl><dl class='gallery-item'>\n\t\t\t<dt class='gallery-icon landscape'>\n\t\t\t\t<a href='https:\/\/www.abracadavoix.org\/?attachment_id=5589'><img loading=\"lazy\" decoding=\"async\" width=\"150\" height=\"150\" src=\"https:\/\/www.abracadavoix.org\/wp-content\/uploads\/2018\/10\/dr\u00f4les-et-tendres-\u00e0-Nevers-6-150x150.jpg\" class=\"attachment-thumbnail size-thumbnail\" alt=\"\" \/><\/a>\n\t\t\t<\/dt><\/dl><dl class='gallery-item'>\n\t\t\t<dt class='gallery-icon landscape'>\n\t\t\t\t<a href='https:\/\/www.abracadavoix.org\/?attachment_id=5590'><img loading=\"lazy\" decoding=\"async\" width=\"150\" height=\"150\" src=\"https:\/\/www.abracadavoix.org\/wp-content\/uploads\/2018\/10\/dr\u00f4les-et-tendres-\u00e0-Nevers-8-150x150.jpg\" class=\"attachment-thumbnail size-thumbnail\" alt=\"\" \/><\/a>\n\t\t\t<\/dt><\/dl><br style=\"clear: both\" \/><dl class='gallery-item'>\n\t\t\t<dt class='gallery-icon landscape'>\n\t\t\t\t<a href='https:\/\/www.abracadavoix.org\/?attachment_id=5591'><img loading=\"lazy\" decoding=\"async\" width=\"150\" height=\"150\" src=\"https:\/\/www.abracadavoix.org\/wp-content\/uploads\/2018\/10\/dr\u00f4les-et-tendres-\u00e0-Nevers-9-150x150.jpg\" class=\"attachment-thumbnail size-thumbnail\" alt=\"\" \/><\/a>\n\t\t\t<\/dt><\/dl><dl class='gallery-item'>\n\t\t\t<dt class='gallery-icon landscape'>\n\t\t\t\t<a href='https:\/\/www.abracadavoix.org\/?attachment_id=5592'><img loading=\"lazy\" decoding=\"async\" width=\"150\" height=\"150\" src=\"https:\/\/www.abracadavoix.org\/wp-content\/uploads\/2018\/10\/dr\u00f4les-et-tendres-\u00e0-Nevers-10-150x150.jpg\" class=\"attachment-thumbnail size-thumbnail\" alt=\"\" \/><\/a>\n\t\t\t<\/dt><\/dl><dl class='gallery-item'>\n\t\t\t<dt class='gallery-icon landscape'>\n\t\t\t\t<a href='https:\/\/www.abracadavoix.org\/?attachment_id=5593'><img loading=\"lazy\" decoding=\"async\" width=\"150\" height=\"150\" src=\"https:\/\/www.abracadavoix.org\/wp-content\/uploads\/2018\/10\/dr\u00f4les-et-tendres-\u00e0-Nevers-11-150x150.jpg\" class=\"attachment-thumbnail size-thumbnail\" alt=\"\" \/><\/a>\n\t\t\t<\/dt><\/dl><dl class='gallery-item'>\n\t\t\t<dt class='gallery-icon landscape'>\n\t\t\t\t<a href='https:\/\/www.abracadavoix.org\/?attachment_id=5594'><img loading=\"lazy\" decoding=\"async\" width=\"150\" height=\"150\" src=\"https:\/\/www.abracadavoix.org\/wp-content\/uploads\/2018\/10\/dr\u00f4les-et-tendres-\u00e0-Nevers-12-150x150.jpg\" class=\"attachment-thumbnail size-thumbnail\" alt=\"\" \/><\/a>\n\t\t\t<\/dt><\/dl><dl class='gallery-item'>\n\t\t\t<dt class='gallery-icon landscape'>\n\t\t\t\t<a href='https:\/\/www.abracadavoix.org\/?attachment_id=5595'><img loading=\"lazy\" decoding=\"async\" width=\"150\" height=\"150\" src=\"https:\/\/www.abracadavoix.org\/wp-content\/uploads\/2018\/10\/dr\u00f4les-et-tendres-\u00e0-Nevers-13-150x150.jpg\" class=\"attachment-thumbnail size-thumbnail\" alt=\"\" \/><\/a>\n\t\t\t<\/dt><\/dl><br style=\"clear: both\" \/>\n\t\t<\/div>\n\n","protected":false},"excerpt":{"rendered":"<p>Octobre 2018, Les Falbalas sont invit\u00e9es \u00e0 Nevers par Les Nomades<\/p>\n","protected":false},"author":1,"featured_media":0,"parent":925,"menu_order":19,"comment_status":"closed","ping_status":"closed","template":"","meta":{"om_disable_all_campaigns":false,"_monsterinsights_skip_tracking":false,"_monsterinsights_sitenote_active":false,"_monsterinsights_sitenote_note":"","_monsterinsights_sitenote_category":0,"footnotes":""},"aioseo_notices":[],"_links":{"self":[{"href":"https:\/\/www.abracadavoix.org\/index.php?rest_route=\/wp\/v2\/pages\/5578"}],"collection":[{"href":"https:\/\/www.abracadavoix.org\/index.php?rest_route=\/wp\/v2\/pages"}],"about":[{"href":"https:\/\/www.abracadavoix.org\/index.php?rest_route=\/wp\/v2\/types\/page"}],"author":[{"embeddable":true,"href":"https:\/\/www.abracadavoix.org\/index.php?rest_route=\/wp\/v2\/users\/1"}],"replies":[{"embeddable":true,"href":"https:\/\/www.abracadavoix.org\/index.php?rest_route=%2Fwp%2Fv2%2Fcomments&post=5578"}],"version-history":[{"count":4,"href":"https:\/\/www.abracadavoix.org\/index.php?rest_route=\/wp\/v2\/pages\/5578\/revisions"}],"predecessor-version":[{"id":5609,"href":"https:\/\/www.abracadavoix.org\/index.php?rest_route=\/wp\/v2\/pages\/5578\/revisions\/5609"}],"up":[{"embeddable":true,"href":"https:\/\/www.abracadavoix.org\/index.php?rest_route=\/wp\/v2\/pages\/925"}],"wp:attachment":[{"href":"https:\/\/www.abracadavoix.org\/index.php?rest_route=%2Fwp%2Fv2%2Fmedia&parent=5578"}],"curies":[{"name":"wp","href":"https:\/\/api.w.org\/{rel}","templated":true}]}}