{"id":5872,"date":"2019-03-23T19:19:24","date_gmt":"2019-03-23T18:19:24","guid":{"rendered":"http:\/\/www.abracadavoix.org\/?page_id=5872"},"modified":"2020-10-06T21:34:27","modified_gmt":"2020-10-06T20:34:27","slug":"rejoindre-les-falbalas","status":"publish","type":"page","link":"https:\/\/www.abracadavoix.org\/?page_id=5872","title":{"rendered":"Rejoindre les Falbalas.."},"content":{"rendered":"<p>L&rsquo;ensemble vocal Les Falbalas est ouvert \u00e0 toutes les femmes motiv\u00e9es et aimant chanter et s&rsquo;exprimer.<\/p>\n<p>Le recrutement est possible toute l&rsquo;ann\u00e9e selon\u00a0 place au sein du groupe.<\/p>\n<p>Contact :<\/p>\n<address style=\"padding-left: 30px;\">Pr\u00e9sidente Evelyne Peguet : 06 81 29 94 51<\/address>\n<address style=\"padding-left: 30px;\">Chef de choeur Marie Menand : 06 86 26 29 55<\/address>\n<address style=\"padding-left: 30px;\">abracadavoix@gmail.com<\/address>\n","protected":false},"excerpt":{"rendered":"<p>L&rsquo;ensemble vocal Les Falbalas est ouvert \u00e0 toutes les femmes motiv\u00e9es et aimant chanter et s&rsquo;exprimer. Le recrutement est possible toute l&rsquo;ann\u00e9e selon\u00a0 place au sein du groupe. Contact : Pr\u00e9sidente Evelyne Peguet : 06 81 29 94 51 Chef &hellip; <a href=\"https:\/\/www.abracadavoix.org\/?page_id=5872\">Continuer la lecture <span class=\"meta-nav\">&rarr;<\/span><\/a><\/p>\n","protected":false},"author":1,"featured_media":0,"parent":2,"menu_order":2,"comment_status":"closed","ping_status":"closed","template":"","meta":{"om_disable_all_campaigns":false,"_monsterinsights_skip_tracking":false,"_monsterinsights_sitenote_active":false,"_monsterinsights_sitenote_note":"","_monsterinsights_sitenote_category":0,"footnotes":""},"aioseo_notices":[],"_links":{"self":[{"href":"https:\/\/www.abracadavoix.org\/index.php?rest_route=\/wp\/v2\/pages\/5872"}],"collection":[{"href":"https:\/\/www.abracadavoix.org\/index.php?rest_route=\/wp\/v2\/pages"}],"about":[{"href":"https:\/\/www.abracadavoix.org\/index.php?rest_route=\/wp\/v2\/types\/page"}],"author":[{"embeddable":true,"href":"https:\/\/www.abracadavoix.org\/index.php?rest_route=\/wp\/v2\/users\/1"}],"replies":[{"embeddable":true,"href":"https:\/\/www.abracadavoix.org\/index.php?rest_route=%2Fwp%2Fv2%2Fcomments&post=5872"}],"version-history":[{"count":2,"href":"https:\/\/www.abracadavoix.org\/index.php?rest_route=\/wp\/v2\/pages\/5872\/revisions"}],"predecessor-version":[{"id":5874,"href":"https:\/\/www.abracadavoix.org\/index.php?rest_route=\/wp\/v2\/pages\/5872\/revisions\/5874"}],"up":[{"embeddable":true,"href":"https:\/\/www.abracadavoix.org\/index.php?rest_route=\/wp\/v2\/pages\/2"}],"wp:attachment":[{"href":"https:\/\/www.abracadavoix.org\/index.php?rest_route=%2Fwp%2Fv2%2Fmedia&parent=5872"}],"curies":[{"name":"wp","href":"https:\/\/api.w.org\/{rel}","templated":true}]}}