{"id":6406,"date":"2020-02-20T17:34:07","date_gmt":"2020-02-20T16:34:07","guid":{"rendered":"http:\/\/www.abracadavoix.org\/?page_id=6406"},"modified":"2023-06-18T20:30:35","modified_gmt":"2023-06-18T19:30:35","slug":"2020-01-18-a-la-librairie-du-canal","status":"publish","type":"page","link":"https:\/\/www.abracadavoix.org\/?page_id=6406","title":{"rendered":"2020-01-18 \u00e0 la Librairie du Canal"},"content":{"rendered":"<div><span style=\"font-size: 18pt; font-family: comic sans ms, sans-serif;\"><strong>Les <span style=\"color: #ff0000;\">Falbalas <\/span>\u00e0 La Librairie <span style=\"color: #0000ff;\">LE PAVE DU CANAL <\/span><\/strong><\/span><\/div>\n<div><span style=\"font-size: 18pt; font-family: comic sans ms, sans-serif;\"><strong>lors d&rsquo;une rencontre partag\u00e9e, chants et lectures<\/strong><\/span><\/div>\n<div style=\"text-align: left;\"><span style=\"font-size: 18pt; font-family: comic sans ms, sans-serif;\"><strong> sur le th\u00e8me de <span style=\"font-size: 24pt;\">l&rsquo;<em>exil, <\/em><\/span><\/strong><\/span><span style=\"font-size: 24pt; font-family: comic sans ms, sans-serif;\"><strong><span style=\"font-size: 18pt;\">le 18 janvier 2020<\/span><\/strong><span style=\"font-size: 18pt;\"> <strong>\u00e0 19h<\/strong><\/span><\/span><\/div>\n<div style=\"text-align: left;\"><a href=\"http:\/\/www.abracadavoix.org\/wp-content\/uploads\/2014\/03\/2020-01-19-nuit-lecture-18.jpg\"><img loading=\"lazy\" decoding=\"async\" class=\" wp-image-6363 alignleft\" src=\"http:\/\/www.abracadavoix.org\/wp-content\/uploads\/2014\/03\/2020-01-19-nuit-lecture-18-300x200.jpg\" alt=\"\" width=\"482\" height=\"321\" srcset=\"https:\/\/www.abracadavoix.org\/wp-content\/uploads\/2014\/03\/2020-01-19-nuit-lecture-18-300x200.jpg 300w, https:\/\/www.abracadavoix.org\/wp-content\/uploads\/2014\/03\/2020-01-19-nuit-lecture-18-768x512.jpg 768w, https:\/\/www.abracadavoix.org\/wp-content\/uploads\/2014\/03\/2020-01-19-nuit-lecture-18.jpg 1000w\" sizes=\"(max-width: 482px) 100vw, 482px\" \/><\/a><\/div>\n<div><\/div>\n<div>\u00a0<a href=\"http:\/\/www.abracadavoix.org\/wp-content\/uploads\/2014\/03\/2744554559.jpg\"><img loading=\"lazy\" decoding=\"async\" class=\"wp-image-6355 size-full alignleft\" src=\"http:\/\/www.abracadavoix.org\/wp-content\/uploads\/2014\/03\/2744554559.jpg\" alt=\"\" width=\"521\" height=\"417\" srcset=\"https:\/\/www.abracadavoix.org\/wp-content\/uploads\/2014\/03\/2744554559.jpg 521w, https:\/\/www.abracadavoix.org\/wp-content\/uploads\/2014\/03\/2744554559-300x240.jpg 300w\" sizes=\"(max-width: 521px) 100vw, 521px\" \/><\/a><\/div>\n<div><\/div>\n<div><\/div>\n<div><\/div>\n<div><\/div>\n<div><\/div>\n<div><\/div>\n<div><\/div>\n<div><\/div>\n<div><\/div>\n<div><\/div>\n<div><\/div>\n<div><\/div>\n<div><\/div>\n<div><\/div>\n<div><\/div>\n<div><\/div>\n<div><\/div>\n","protected":false},"excerpt":{"rendered":"<p>Les Falbalas \u00e0 La Librairie LE PAVE DU CANAL lors d&rsquo;une rencontre partag\u00e9e, chants et lectures sur le th\u00e8me de l&rsquo;exil, le 18 janvier 2020 \u00e0 19h \u00a0<\/p>\n","protected":false},"author":1,"featured_media":0,"parent":925,"menu_order":12,"comment_status":"closed","ping_status":"closed","template":"","meta":{"om_disable_all_campaigns":false,"_monsterinsights_skip_tracking":false,"_monsterinsights_sitenote_active":false,"_monsterinsights_sitenote_note":"","_monsterinsights_sitenote_category":0,"footnotes":""},"aioseo_notices":[],"_links":{"self":[{"href":"https:\/\/www.abracadavoix.org\/index.php?rest_route=\/wp\/v2\/pages\/6406"}],"collection":[{"href":"https:\/\/www.abracadavoix.org\/index.php?rest_route=\/wp\/v2\/pages"}],"about":[{"href":"https:\/\/www.abracadavoix.org\/index.php?rest_route=\/wp\/v2\/types\/page"}],"author":[{"embeddable":true,"href":"https:\/\/www.abracadavoix.org\/index.php?rest_route=\/wp\/v2\/users\/1"}],"replies":[{"embeddable":true,"href":"https:\/\/www.abracadavoix.org\/index.php?rest_route=%2Fwp%2Fv2%2Fcomments&post=6406"}],"version-history":[{"count":3,"href":"https:\/\/www.abracadavoix.org\/index.php?rest_route=\/wp\/v2\/pages\/6406\/revisions"}],"predecessor-version":[{"id":6439,"href":"https:\/\/www.abracadavoix.org\/index.php?rest_route=\/wp\/v2\/pages\/6406\/revisions\/6439"}],"up":[{"embeddable":true,"href":"https:\/\/www.abracadavoix.org\/index.php?rest_route=\/wp\/v2\/pages\/925"}],"wp:attachment":[{"href":"https:\/\/www.abracadavoix.org\/index.php?rest_route=%2Fwp%2Fv2%2Fmedia&parent=6406"}],"curies":[{"name":"wp","href":"https:\/\/api.w.org\/{rel}","templated":true}]}}